{"id":50,"date":"2018-04-10T16:56:03","date_gmt":"2018-04-10T16:56:03","guid":{"rendered":"http:\/\/www.originalni-svatebni-oznameni.cz\/?page_id=50"},"modified":"2019-05-03T16:14:07","modified_gmt":"2019-05-03T16:14:07","slug":"001-hasic","status":"publish","type":"page","link":"https:\/\/www.originalni-svatebni-oznameni.cz\/index.php\/hotove-kresby\/001-hasic\/","title":{"rendered":"001 &#8211; Hasi\u010d"},"content":{"rendered":"<p style=\"text-align: left;\"><img decoding=\"async\" loading=\"lazy\" class=\"wp-image-51 alignright\" src=\"http:\/\/www.originalni-svatebni-oznameni.cz\/wp-content\/uploads\/2018\/04\/fabian-jidlo-1024x644.png\" alt=\"\" width=\"700\" height=\"440\" srcset=\"https:\/\/www.originalni-svatebni-oznameni.cz\/wp-content\/uploads\/2018\/04\/fabian-jidlo-1024x644.png 1024w, https:\/\/www.originalni-svatebni-oznameni.cz\/wp-content\/uploads\/2018\/04\/fabian-jidlo-300x189.png 300w, https:\/\/www.originalni-svatebni-oznameni.cz\/wp-content\/uploads\/2018\/04\/fabian-jidlo-768x483.png 768w\" sizes=\"(max-width: 700px) 100vw, 700px\" \/><\/p>\n<p style=\"text-align: left;\">Toto je prvn\u00ed vzor obr\u00e1zku s n\u00e1zvem hasi\u010d. Obr\u00e1zek mohu libovoln\u011b upravit, dokreslit dal\u0161\u00ed p\u0159edm\u011bty, upravit barvy, \u010dernob\u00edl\u00e1 verze atd.<\/p>\n<p style=\"text-align: left;\">\n","protected":false},"excerpt":{"rendered":"<p>Toto je prvn\u00ed vzor obr\u00e1zku s n\u00e1zvem hasi\u010d. Obr\u00e1zek mohu libovoln\u011b upravit, dokreslit dal\u0161\u00ed p\u0159edm\u011bty, upravit barvy, \u010dernob\u00edl\u00e1 verze atd.<\/p>\n","protected":false},"author":1,"featured_media":0,"parent":19,"menu_order":1,"comment_status":"closed","ping_status":"closed","template":"template-fullwidth-stretched.php","meta":{"site-sidebar-layout":"default","site-content-layout":"default","ast-global-header-display":"","ast-main-header-display":"","ast-hfb-above-header-display":"","ast-hfb-below-header-display":"","ast-hfb-mobile-header-display":"","site-post-title":"","ast-breadcrumbs-content":"","ast-featured-img":"","footer-sml-layout":"","theme-transparent-header-meta":"","adv-header-id-meta":"","stick-header-meta":"","header-above-stick-meta":"","header-main-stick-meta":"","header-below-stick-meta":""},"_links":{"self":[{"href":"https:\/\/www.originalni-svatebni-oznameni.cz\/index.php\/wp-json\/wp\/v2\/pages\/50"}],"collection":[{"href":"https:\/\/www.originalni-svatebni-oznameni.cz\/index.php\/wp-json\/wp\/v2\/pages"}],"about":[{"href":"https:\/\/www.originalni-svatebni-oznameni.cz\/index.php\/wp-json\/wp\/v2\/types\/page"}],"author":[{"embeddable":true,"href":"https:\/\/www.originalni-svatebni-oznameni.cz\/index.php\/wp-json\/wp\/v2\/users\/1"}],"replies":[{"embeddable":true,"href":"https:\/\/www.originalni-svatebni-oznameni.cz\/index.php\/wp-json\/wp\/v2\/comments?post=50"}],"version-history":[{"count":1,"href":"https:\/\/www.originalni-svatebni-oznameni.cz\/index.php\/wp-json\/wp\/v2\/pages\/50\/revisions"}],"predecessor-version":[{"id":52,"href":"https:\/\/www.originalni-svatebni-oznameni.cz\/index.php\/wp-json\/wp\/v2\/pages\/50\/revisions\/52"}],"up":[{"embeddable":true,"href":"https:\/\/www.originalni-svatebni-oznameni.cz\/index.php\/wp-json\/wp\/v2\/pages\/19"}],"wp:attachment":[{"href":"https:\/\/www.originalni-svatebni-oznameni.cz\/index.php\/wp-json\/wp\/v2\/media?parent=50"}],"curies":[{"name":"wp","href":"https:\/\/api.w.org\/{rel}","templated":true}]}}