{"id":11,"date":"2018-04-10T16:00:10","date_gmt":"2018-04-10T16:00:10","guid":{"rendered":"http:\/\/www.originalni-svatebni-oznameni.cz\/?page_id=11"},"modified":"2018-04-10T16:49:42","modified_gmt":"2018-04-10T16:49:42","slug":"uvodni-strana","status":"publish","type":"page","link":"https:\/\/www.originalni-svatebni-oznameni.cz\/","title":{"rendered":"\u00davodn\u00ed strana"},"content":{"rendered":"<p><img decoding=\"async\" loading=\"lazy\" class=\"wp-image-5 size-full\" src=\"http:\/\/www.originalni-svatebni-oznameni.cz\/wp-content\/uploads\/2018\/01\/head.png\" alt=\"Origin\u00e1ln\u00ed kreslen\u00e1 svatebn\u00ed ozn\u00e1men\u00ed od Marka Simona\" width=\"1000\" height=\"503\" srcset=\"https:\/\/www.originalni-svatebni-oznameni.cz\/wp-content\/uploads\/2018\/01\/head.png 1000w, https:\/\/www.originalni-svatebni-oznameni.cz\/wp-content\/uploads\/2018\/01\/head-300x151.png 300w, https:\/\/www.originalni-svatebni-oznameni.cz\/wp-content\/uploads\/2018\/01\/head-768x386.png 768w\" sizes=\"(max-width: 1000px) 100vw, 1000px\" \/><\/p>\n<h4 style=\"text-align: center;\">Origin\u00e1ln\u00ed kreslen\u00e1 svatebn\u00ed ozn\u00e1men\u00ed od kresl\u00ed\u0159e Marka Simona<\/h4>\n<p>&nbsp;<\/p>\n","protected":false},"excerpt":{"rendered":"<p>Origin\u00e1ln\u00ed kreslen\u00e1 svatebn\u00ed ozn\u00e1men\u00ed od kresl\u00ed\u0159e Marka Simona &nbsp;<\/p>\n","protected":false},"author":1,"featured_media":0,"parent":0,"menu_order":0,"comment_status":"closed","ping_status":"closed","template":"template-full-width.php","meta":{"site-sidebar-layout":"default","site-content-layout":"default","ast-global-header-display":"","ast-main-header-display":"","ast-hfb-above-header-display":"","ast-hfb-below-header-display":"","ast-hfb-mobile-header-display":"","site-post-title":"","ast-breadcrumbs-content":"","ast-featured-img":"","footer-sml-layout":"","theme-transparent-header-meta":"","adv-header-id-meta":"","stick-header-meta":"","header-above-stick-meta":"","header-main-stick-meta":"","header-below-stick-meta":""},"_links":{"self":[{"href":"https:\/\/www.originalni-svatebni-oznameni.cz\/index.php\/wp-json\/wp\/v2\/pages\/11"}],"collection":[{"href":"https:\/\/www.originalni-svatebni-oznameni.cz\/index.php\/wp-json\/wp\/v2\/pages"}],"about":[{"href":"https:\/\/www.originalni-svatebni-oznameni.cz\/index.php\/wp-json\/wp\/v2\/types\/page"}],"author":[{"embeddable":true,"href":"https:\/\/www.originalni-svatebni-oznameni.cz\/index.php\/wp-json\/wp\/v2\/users\/1"}],"replies":[{"embeddable":true,"href":"https:\/\/www.originalni-svatebni-oznameni.cz\/index.php\/wp-json\/wp\/v2\/comments?post=11"}],"version-history":[{"count":7,"href":"https:\/\/www.originalni-svatebni-oznameni.cz\/index.php\/wp-json\/wp\/v2\/pages\/11\/revisions"}],"predecessor-version":[{"id":49,"href":"https:\/\/www.originalni-svatebni-oznameni.cz\/index.php\/wp-json\/wp\/v2\/pages\/11\/revisions\/49"}],"wp:attachment":[{"href":"https:\/\/www.originalni-svatebni-oznameni.cz\/index.php\/wp-json\/wp\/v2\/media?parent=11"}],"curies":[{"name":"wp","href":"https:\/\/api.w.org\/{rel}","templated":true}]}}